{"id":153,"date":"2019-03-26T11:34:40","date_gmt":"2019-03-26T17:34:40","guid":{"rendered":"https:\/\/softwareparagobierno.com.mx\/patrimonio\/?page_id=153"},"modified":"2019-03-26T11:34:40","modified_gmt":"2019-03-26T17:34:40","slug":"politica-de-privacidad","status":"publish","type":"page","link":"https:\/\/softwareparagobierno.com.mx\/patrimonio\/?page_id=153","title":{"rendered":"Pol\u00edtica de privacidad"},"content":{"rendered":"<table>\n<tbody>\n<tr>\n<td><strong>Responsable de la protecci\u00f3n de sus datos personales<\/strong><\/td>\n<td>IIDESOFT M\u00c9XICO, S.A. DE C.V. con nombre comercial \u00a0IIDESOFT,\u00a0 es responsable del tratamiento de sus datos personales.<\/td>\n<\/tr>\n<tr>\n<td><strong>C\u00f3mo contactarnos: <\/strong><\/td>\n<td>En nuestro domicilio f\u00edsico, por internet en la p\u00e1gina www.iidesoft.com.mx , o al tel: (0155)58810619. Tambi\u00e9n puede hacerlo directamente en nuestras oficinas ubicadas en la direcci\u00f3n: Calle Los Ciruelos Pte. # 73 Col. Arcos del alba, Municipio de Cuautitl\u00e1n Izcalli, Estado de M\u00e9xico CP 54750.<\/td>\n<\/tr>\n<tr>\n<td><strong>Responsable:<\/strong><\/td>\n<td>Gerencia Administrativa<br \/>\n<a href=\"mailto:contacto@iidesoft.com.mx\">contacto@iidesoft.com.mx<\/a><br \/>\n(0155)58810619<\/td>\n<\/tr>\n<tr>\n<td><strong>\u00bfPara qu\u00e9 fines recabamos y utilizamos sus datos personales? <\/strong><\/td>\n<td>Sus datos personales ser\u00e1n utilizados para las siguientes finalidades:<\/p>\n<ul>\n<li>Proveer los servicios y productos requeridos y contratados por usted con IIDESOFT M\u00e9xico, S.A. de C.V.; Informar sobre cambios de nuevos productos o servicios que est\u00e9n relacionados con el contrato que hayan sido adquiridos por el cliente.<\/li>\n<li>Dar cumplimiento a obligaciones contra\u00eddas con nuestros clientes y proveedores; evaluar la calidad del servicio, realizando estudios internos sobre h\u00e1bitos de consumo.<\/li>\n<li>Poder solicitar informaci\u00f3n crediticia, bancaria, de bur\u00f3 de cr\u00e9dito, financiera, historiales bancarios y financieros, n\u00fameros de cuenta, nips bancarios para poder realizar los cargos seg\u00fan sea el caso.<\/li>\n<li>Poder solicitar a terceros referencias personales, bancarias y financieras para efectos de contrataci\u00f3n y localizaci\u00f3n en caso de incumplimiento de pagos.<\/li>\n<li>Poder establecer canales de confianza con los distintos proveedores de IIDESOFT M\u00e9xico, S.A. de C.V., a efecto de que su informaci\u00f3n se encuentre acorde con la Ley Federal de datos Personales en Posesi\u00f3n de Particulares.<\/li>\n<\/ul>\n<\/td>\n<\/tr>\n<tr>\n<td><strong>\u00bfQu\u00e9 datos personales obtenemos y de d\u00f3nde? <\/strong><\/td>\n<td>Para las finalidades se\u00f1aladas en el presente aviso de privacidad, podemos recabar sus datos personales de distintas formas: cuando usted nos los proporciona directamente (f\u00edsicamente); cuando visita nuestro sitio de Internet o utiliza nuestros servicios en l\u00ednea o telef\u00f3nicamente, y cuando obtenemos informaci\u00f3n a trav\u00e9s de otras fuentes que est\u00e1n permitidas por la ley.<\/p>\n<p>Datos personales que recabamos de forma directa, cuando usted mismo nos los proporciona o por diversos medios, como cuando participa en nuestras contrataciones o nos da informaci\u00f3n con objeto de que le prestemos alg\u00fan servicio de nuestra cartera.<\/p>\n<p>Los datos que obtenemos pueden ser, entre otros:<\/p>\n<ul>\n<li>Nombre del titular del contrato.<\/li>\n<li>Cargo en la organizaci\u00f3n a la que pertenece.<\/li>\n<li>Tel\u00e9fonos fijos o m\u00f3viles de contacto.<\/li>\n<li>Domicilio f\u00edsico.<\/li>\n<li>Correo electr\u00f3nico.<\/li>\n<\/ul>\n<p>Podemos obtener informaci\u00f3n de usted de otras fuentes permitidas por la ley, tales como los directorios telef\u00f3nicos o laborales. Los datos que obtenemos por estos medios pueden ser, entre otros:<\/p>\n<ul>\n<li>Nombre y direcci\u00f3n, tel\u00e9fono fijo y celular, correo electr\u00f3nico.<\/li>\n<\/ul>\n<\/td>\n<\/tr>\n<tr>\n<td><strong>Datos personales sensibles.<\/strong><\/td>\n<td>Le informamos que para cumplir con las finalidades previstas en este aviso de privacidad, ser\u00e1n recabados y tratados datos personales sensibles, como aqu\u00e9llos que refieren a:<\/p>\n<ul>\n<li>Informaci\u00f3n de su expediente laboral, afiliaciones sindicales o pol\u00edticas.<\/li>\n<\/ul>\n<p>Nos comprometemos a que los mismos ser\u00e1n tratados bajo las m\u00e1s estrictas medidas de seguridad que garanticen su confidencialidad.<\/td>\n<\/tr>\n<tr>\n<td><strong>\u00bfC\u00f3mo acceder o rectificar sus datos personales o cancelar u oponerse a su uso? <\/strong><\/td>\n<td>Usted tiene derecho de acceder a sus datos personales que poseemos y a los detalles del tratamiento de los mismos, as\u00ed como a rectificarlos en caso de ser inexactos o incompletos; cancelarlos cuando considere que no se requieren para alguna de las finalidades se\u00f1alados en el presente aviso de privacidad, est\u00e9n siendo utilizados para finalidades no consentidas o haya finalizado la relaci\u00f3n contractual o de servicio, o bien, oponerse al tratamiento de los mismos para fines espec\u00edficos.<\/p>\n<p>Los mecanismos que se han implementado para el ejercicio de dichos derechos son a trav\u00e9s de la presentaci\u00f3n de la solicitud respectiva mediante:<\/p>\n<p>Hacer escrito libre dirigido a IIDESOFT M\u00c9XICO, S.A. DE C.V., solicitando la restricci\u00f3n, cancelaci\u00f3n o se\u00f1alando la correcci\u00f3n que necesitan los mismos y firmar dicho documento aut\u00f3grafamente por el contratante.<\/p>\n<ul>\n<li>Presentar el escrito libre en Calle Los Ciruelos Pte. # 73 Col. Arcos del alba, Municipio de Cuautitl\u00e1n Izcalli, Estado de M\u00e9xico CP 54750<\/li>\n<li>El tiempo de respuesta puede tardar 7 d\u00edas h\u00e1biles contados a partir de la fecha de presentaci\u00f3n del documento.<\/li>\n<li>En caso de se\u00f1alar que la respuesta la necesita por correo electr\u00f3nico la misma se generar\u00e1 en el mismo plazo antes mencionado.<\/li>\n<\/ul>\n<p>Su solicitud deber\u00e1 contener la siguiente informaci\u00f3n:<\/p>\n<ul>\n<li>Informaci\u00f3n a cancelar, restringir, actualizar o corregir<\/li>\n<\/ul>\n<\/td>\n<\/tr>\n<tr>\n<td><strong>\u00bfC\u00f3mo puede revocar su consentimiento para el tratamiento de sus datos? <\/strong><\/td>\n<td>En todo momento, usted podr\u00e1 revocar el consentimiento que nos ha otorgado para el tratamiento de sus datos personales, a fin de que dejemos de hacer uso de los mismos. Para ello, es necesario lo siguiente:<\/p>\n<ul>\n<li>Hacer escrito libre dirigido a IIDESOFT M\u00c9XICO, S.A. DE C.V., solicitando la revocaci\u00f3n de sus datos personales y firmar dicho documento aut\u00f3grafamente por el contratante.<\/li>\n<li>Presentar el escrito libre en Calle Los Ciruelos Pte. # 73 Col. Arcos del alba, Municipio de Cuautitl\u00e1n Izcalli, Estado de M\u00e9xico CP 54750<\/li>\n<li>El tiempo de respuesta puede tardar 7 d\u00edas h\u00e1biles contados a partir de la fecha de presentaci\u00f3n del documento.<\/li>\n<li>En caso de se\u00f1alar que la respuesta la necesita por correo electr\u00f3nico la misma se generar\u00e1 en el mismo plazo antes mencionado.<\/li>\n<li>En caso de que sus datos hayan sido solicitados por mandato judicial los \u00fanicos datos a proporcionar ser\u00e1n: nombre, domicilio y tel\u00e9fonos registrados, para que la autoridad requirente pueda solicitarle en forma directa a usted lo que la misma necesite.<\/li>\n<\/ul>\n<\/td>\n<\/tr>\n<tr>\n<td><strong>Modificaciones al aviso de privacidad <\/strong><\/td>\n<td>Nos reservamos el derecho de efectuar en cualquier momento modificaciones o actualizaciones al presente aviso de privacidad, para la atenci\u00f3n de novedades legislativas, pol\u00edticas internas o nuevos requerimientos para la prestaci\u00f3n u ofrecimiento de nuestros servicios o productos.<\/p>\n<p>Estas modificaciones estar\u00e1n disponibles al p\u00fablico a trav\u00e9s de los siguientes medios: (i) anuncios visibles en nuestros establecimientos o centros de atenci\u00f3n a clientes; (ii) tr\u00edpticos o folletos disponibles en nuestros establecimientos o centros de atenci\u00f3n a clientes; (iii) en nuestra p\u00e1gina de Internet [secci\u00f3n aviso de privacidad]; (iv) o se las haremos llegar al \u00faltimo correo electr\u00f3nico que nos haya proporcionado.<\/td>\n<\/tr>\n<tr>\n<td><strong>Uso de cookies y web beacons <\/strong><\/td>\n<td>Las cookies son archivos de texto que son descargados autom\u00e1ticamente y almacenados en el disco duro del equipo de c\u00f3mputo del usuario al navegar en una p\u00e1gina de Internet espec\u00edfica, que permiten recordar al servidor de Internet algunos datos sobre este usuario, entre ellos, sus preferencias para la visualizaci\u00f3n de las p\u00e1ginas en ese servidor, nombre y contrase\u00f1a.<\/p>\n<p>Por su parte, las <em>web beacons<\/em> son im\u00e1genes insertadas en una p\u00e1gina de Internet o correo electr\u00f3nico, que puede ser utilizado para monitorear el comportamiento de un visitante, como almacenar informaci\u00f3n sobre la direcci\u00f3n IP del usuario, duraci\u00f3n del tiempo de interacci\u00f3n en dicha p\u00e1gina y el tipo de navegador utilizado, entre otros<\/p>\n<p>Le informamos que utilizamos <em>cookies<\/em> y <em>web beacons<\/em> para obtener informaci\u00f3n personal de usted, como la siguiente:<\/p>\n<ol>\n<li>Su tipo de navegador y sistema operativo.<\/li>\n<li>Las p\u00e1ginas de Internet que visita.<\/li>\n<li>Los v\u00ednculos que sigue.<\/li>\n<li>La direcci\u00f3n IP.<\/li>\n<\/ol>\n<p>Estas cookies y otras tecnolog\u00edas pueden ser deshabilitadas. Para conocer c\u00f3mo hacerlo, contacte a nuestro soporte t\u00e9cnico al correo electr\u00f3nico <a href=\"mailto:contacto@iidesoft.com.mx\">contacto@iidesoft.com.mx<\/a> o al tel\u00e9fono (01.55)58810619<\/td>\n<\/tr>\n<tr>\n<td><strong>Dudas o comentarios<\/strong><\/td>\n<td>Para mayor informaci\u00f3n, favor de comunicarse al tel (0155) 58810619 \u00f3 al correo electr\u00f3nico <a href=\"mailto:contacto@iidesoft.com.mx\">contacto@iidesoft.com.mx<\/a> o visitar nuestra p\u00e1gina de Internet www.iidesoft.com.mx<\/td>\n<\/tr>\n<\/tbody>\n<\/table>\n","protected":false},"excerpt":{"rendered":"<p>Responsable de la protecci\u00f3n de sus datos personales IIDESOFT M\u00c9XICO, S.A. DE C.V. con nombre comercial \u00a0IIDESOFT,\u00a0 es responsable del tratamiento de sus datos personales. C\u00f3mo contactarnos: En nuestro domicilio f\u00edsico, por internet en la p\u00e1gina www.iidesoft.com.mx , o al &hellip; <a href=\"https:\/\/softwareparagobierno.com.mx\/patrimonio\/?page_id=153\">Sigue leyendo <span class=\"meta-nav\">&rarr;<\/span><\/a><\/p>\n","protected":false},"author":1,"featured_media":0,"parent":0,"menu_order":0,"comment_status":"closed","ping_status":"closed","template":"","meta":{"jetpack_post_was_ever_published":false,"footnotes":""},"class_list":["post-153","page","type-page","status-publish","hentry"],"jetpack_sharing_enabled":true,"jetpack_shortlink":"https:\/\/wp.me\/P9TElb-2t","_links":{"self":[{"href":"https:\/\/softwareparagobierno.com.mx\/patrimonio\/index.php?rest_route=\/wp\/v2\/pages\/153","targetHints":{"allow":["GET"]}}],"collection":[{"href":"https:\/\/softwareparagobierno.com.mx\/patrimonio\/index.php?rest_route=\/wp\/v2\/pages"}],"about":[{"href":"https:\/\/softwareparagobierno.com.mx\/patrimonio\/index.php?rest_route=\/wp\/v2\/types\/page"}],"author":[{"embeddable":true,"href":"https:\/\/softwareparagobierno.com.mx\/patrimonio\/index.php?rest_route=\/wp\/v2\/users\/1"}],"replies":[{"embeddable":true,"href":"https:\/\/softwareparagobierno.com.mx\/patrimonio\/index.php?rest_route=%2Fwp%2Fv2%2Fcomments&post=153"}],"version-history":[{"count":3,"href":"https:\/\/softwareparagobierno.com.mx\/patrimonio\/index.php?rest_route=\/wp\/v2\/pages\/153\/revisions"}],"predecessor-version":[{"id":156,"href":"https:\/\/softwareparagobierno.com.mx\/patrimonio\/index.php?rest_route=\/wp\/v2\/pages\/153\/revisions\/156"}],"wp:attachment":[{"href":"https:\/\/softwareparagobierno.com.mx\/patrimonio\/index.php?rest_route=%2Fwp%2Fv2%2Fmedia&parent=153"}],"curies":[{"name":"wp","href":"https:\/\/api.w.org\/{rel}","templated":true}]}}